{"id":12071,"date":"2022-03-25T10:26:12","date_gmt":"2022-03-25T09:26:12","guid":{"rendered":"https:\/\/easda.es\/?page_id=12071"},"modified":"2023-03-27T13:18:33","modified_gmt":"2023-03-27T11:18:33","slug":"traslado-de-expediente","status":"publish","type":"page","link":"https:\/\/easda.es\/?page_id=12071","title":{"rendered":"Cambio de Especialidad (solo Grados en Dise\u00f1o)"},"content":{"rendered":"<p>[vc_row gap=\u00bb30&#8243;][vc_column][vc_row_inner][vc_column_inner]<div class=\"qodef-section-title-holder  qodef-st-standard qodef-st-title-left qodef-st-normal-space \" >\n\t<div class=\"qodef-st-inner\">\n\t\t\t\t\t<h2 class=\"qodef-st-title\" >\n\t\t\t\tCambio de Especialidad (solo Grados en Dise\u00f1o)\t\t\t<\/h2>\n\t\t\t\t\t<\/div>\n<\/div>[vc_empty_space height=\u00bb24px\u00bb][vc_column_text]<\/p>\n<p><strong>\u00bfQu\u00e9 requisitos debe cumplir el alumnado para solicitar un cambio de especialidad?<\/strong><\/p>\n<ul>\n<li>Que la especialidad destino tenga la capacidad docente y organizativa que requiere la admisi\u00f3n de estudiantes (por ello y para no perder la plaza recomendamos que previamente te matricules en la especialidad de origen ).<\/li>\n<li>El alumnado necesita tener superados\u00a0todos los cr\u00e9ditos correspondientes al primer curso de la especialidad de origen que sean de Formaci\u00f3n B\u00e1sica.<\/li>\n<li>Si no has superado todos los cr\u00e9ditos del primer curso y quieres cambiar de especialidad, tendr\u00e1s que realizar de nuevo la prueba espec\u00edfica, ser admitido, matricularte en la especialidad que deseas y solicitar el reconocimiento de cr\u00e9ditos.<\/li>\n<\/ul>\n<p>[vc_empty_space height=\u00bb12px\u00bb]<\/p>\n<p><strong>\u00bfQu\u00e9 documentos se deben presentar?<\/strong><\/p>\n<ul>\n<li>Impreso de solicitud (<a href=\"http:\/\/easda.es\/wp\/wp-content\/uploads\/2020\/01\/inst%C3%A0ncia-exposa_soli.licita.pdf\" target=\"_blank\" rel=\"noopener\">descargar<\/a>).<\/li>\n<li>Fotocopia DNI \/NIE\/Pasaporte.<\/li>\n<li>Certificado acad\u00e9mico oficial de notas del centro de origen (que conste la nota media y la normativa que establece el Plan de Estudios).<\/li>\n<\/ul>\n<p>[vc_empty_space height=\u00bb12px\u00bb]<\/p>\n<p><strong>\u00bfD\u00f3nde se presenta la solicitud de Cambio de Especialidad?<\/strong><\/p>\n<p>La solicitud se presenta en la Administraci\u00f3n de la EASDA:<\/p>\n<ul>\n<li>Personalmente.<\/li>\n<li>Por correo certificado. Indicar en el sobre \u201cCambio de Especialidad\u201d.<\/li>\n<\/ul>\n<p>[vc_empty_space height=\u00bb12px\u00bb]<\/p>\n<p><strong>\u00bfQu\u00e9 Asignaturas se te reconocer\u00edan?<\/strong><\/p>\n<p>Todas las asignaturas de Formaci\u00f3n B\u00e1sica del primer curso.<\/p>\n<p>[vc_empty_space height=\u00bb12px\u00bb]<\/p>\n<p><strong>\u00bfCu\u00e1l es el plazo de presentaci\u00f3n de un cambio de especialidad?<\/strong><\/p>\n<p>El plazo de presentaci\u00f3n de solicitudes se establecer\u00e1 por la EASDA para cada curso acad\u00e9mico. Para el curso acad\u00e9mico 2023-2024, el plazo de presentaci\u00f3n de solicitudes es desde el 24 hasta el 28 de julio de 2023. La EASDA permanecer\u00e1 inh\u00e1bil en el mes de agosto.<\/p>\n<p>[\/vc_column_text][vc_empty_space height=\u00bb48px\u00bb][\/vc_column_inner][\/vc_row_inner][\/vc_column][\/vc_row]<\/p>\n","protected":false},"excerpt":{"rendered":"<p>[vc_row gap=\u00bb30&#8243;][vc_column][vc_row_inner][vc_column_inner][vc_empty_space height=\u00bb24px\u00bb][vc_column_text] \u00bfQu\u00e9 requisitos debe cumplir el alumnado para solicitar un cambio de especialidad? Que la especialidad destino tenga la capacidad docente y organizativa que requiere la admisi\u00f3n de estudiantes (por ello y para no perder la plaza recomendamos [&hellip;]<\/p>\n","protected":false},"author":8,"featured_media":0,"parent":2742,"menu_order":0,"comment_status":"closed","ping_status":"closed","template":"","meta":{"footnotes":""},"class_list":["post-12071","page","type-page","status-publish","hentry"],"_links":{"self":[{"href":"https:\/\/easda.es\/index.php?rest_route=\/wp\/v2\/pages\/12071","targetHints":{"allow":["GET"]}}],"collection":[{"href":"https:\/\/easda.es\/index.php?rest_route=\/wp\/v2\/pages"}],"about":[{"href":"https:\/\/easda.es\/index.php?rest_route=\/wp\/v2\/types\/page"}],"author":[{"embeddable":true,"href":"https:\/\/easda.es\/index.php?rest_route=\/wp\/v2\/users\/8"}],"replies":[{"embeddable":true,"href":"https:\/\/easda.es\/index.php?rest_route=%2Fwp%2Fv2%2Fcomments&post=12071"}],"version-history":[{"count":9,"href":"https:\/\/easda.es\/index.php?rest_route=\/wp\/v2\/pages\/12071\/revisions"}],"predecessor-version":[{"id":14155,"href":"https:\/\/easda.es\/index.php?rest_route=\/wp\/v2\/pages\/12071\/revisions\/14155"}],"up":[{"embeddable":true,"href":"https:\/\/easda.es\/index.php?rest_route=\/wp\/v2\/pages\/2742"}],"wp:attachment":[{"href":"https:\/\/easda.es\/index.php?rest_route=%2Fwp%2Fv2%2Fmedia&parent=12071"}],"curies":[{"name":"wp","href":"https:\/\/api.w.org\/{rel}","templated":true}]}}