{"id":11806,"date":"2022-03-04T09:46:03","date_gmt":"2022-03-04T08:46:03","guid":{"rendered":"https:\/\/easda.es\/?page_id=11806"},"modified":"2022-10-28T11:56:29","modified_gmt":"2022-10-28T09:56:29","slug":"sistema-de-calidad","status":"publish","type":"page","link":"https:\/\/easda.es\/?page_id=11806","title":{"rendered":"Sistema de Calidad"},"content":{"rendered":"<p>[vc_row][vc_column][vc_row_inner][vc_column_inner]<div class=\"qodef-section-title-holder  qodef-st-standard qodef-st-title-left qodef-st-normal-space \" >\n\t<div class=\"qodef-st-inner\">\n\t\t\t\t\t<h2 class=\"qodef-st-title\" >\n\t\t\t\tSistema Interno de Garant\u00eda de Calidad (SGIC)\t\t\t<\/h2>\n\t\t\t\t\t<\/div>\n<\/div>[vc_empty_space height=\u00bb24px\u00bb][vc_column_text]<\/p>\n<ul>\n<li><a href=\"https:\/\/easda.es\/wp-content\/uploads\/2020\/11\/SAIC-P0-01_sistema_calidad_EASDA_rev02.pdf\"><strong>SGIC-P0-01<\/strong>_Sistema de Aseguramiento Interno de Calidad<\/a><\/li>\n<li><a href=\"https:\/\/easda.es\/wp-content\/uploads\/2020\/11\/SAIC-P0-02_politica_objetivos_calidad_rev02.pdf\"><strong>SGIC-P0-02<\/strong>_Pol\u00edtica y Objetivos de Calidad<\/a>\n<ul>\n<li><a href=\"https:\/\/easda.es\/wp-content\/uploads\/2020\/11\/SAIC-P0-02-Anexo1-Declaracion-publica-de-la-Politica-y-Objetivos-de-Calidad-de-la-EASDA.pdf\"><strong>SGIC-P0-02-Anexo1<\/strong>_Declaraci\u00f3n p\u00fablica de la Pol\u00edtica y Objetivos de Calidad<\/a><\/li>\n<\/ul>\n<\/li>\n<li><a href=\"https:\/\/easda.es\/wp-content\/uploads\/2021\/03\/SAIC-P1-01_programas_formativos_rev3.pdf\"><strong>SGIC-P1-01<\/strong>_Proceso para garantizar la Calidad de los Programas Formativos<\/a>\n<ul>\n<li><a href=\"https:\/\/easda.es\/wp-content\/uploads\/2020\/11\/SAIC-P1-01-Anexo1-Plantilla-Guia-Docente.pdf\"><strong>SGIC-P1-01-Anexo1<\/strong>_Plantilla de la Gu\u00eda Docente<\/a><\/li>\n<li><a href=\"https:\/\/easda.es\/wp-content\/uploads\/2020\/11\/SAIC-P1-01-Anexo2-Actividades-de-centro.pdf\"><strong>SGIC-P1-01-Anexo2<\/strong>_Actividades de Centro<\/a><\/li>\n<li><a href=\"https:\/\/easda.es\/wp-content\/uploads\/2021\/03\/SAIC-P1-01-Anexo3-Modelo-de-encuesta-satisfaccion-alumnado-con-los-programas-formativos.pdf\"><strong>SGIC-P1-01-Anexo3<\/strong>_Modelo de Encuesta de Satisfacci\u00f3n del Alumnado con los Programas Formativos<\/a><\/li>\n<li><a href=\"https:\/\/easda.es\/wp-content\/uploads\/2021\/03\/SAIC-P1-01-Anexo4-Modelo-de-encuesta-satisfaccion-PDI-con-los-programas-formativos.pdf\"><strong>SGIC-P1-01-Anexo4<\/strong>_Modelo de Encuesta de Satisfacci\u00f3n del PDI con los Programas Formativos<\/a><\/li>\n<li><a href=\"https:\/\/easda.es\/wp-content\/uploads\/2021\/03\/SAIC-P1-01-Anexo5-Modelo-de-encuesta-satisfaccion-alumnado-con-el-centro.pdf\"><strong>SGIC-P1-01-Anexo5<\/strong>_Modelo de encuesta satisfaccion alumnado con el centro<\/a><\/li>\n<\/ul>\n<\/li>\n<li><a href=\"https:\/\/easda.es\/wp-content\/uploads\/2020\/11\/SAIC-P2-01_admision_estudiantes_rev2.pdf\"><strong>SGIC-P2-01<\/strong>_Proceso de Definici\u00f3n de Perfiles y Admisi\u00f3n de Estudiantes<\/a>\n<ul>\n<li><a href=\"https:\/\/easda.es\/wp-content\/uploads\/2020\/11\/SAIC-P2-01-Anexo-1-Documento-informativo-requisitos-de-acceso-al-CFGM.pdf\"><strong>SGIC\u2013P2\u201301-Anexo1<\/strong>_Documento informativo requisitos de acceso al CFGM<\/a><\/li>\n<li><a href=\"https:\/\/easda.es\/wp-content\/uploads\/2020\/11\/SAIC-P2-01-Anexo2-Documento-informativo-requisito-de-acceso-al-CFGS.pdf\"><strong>SGIC\u2013P2\u201301-Anexo2_<\/strong>Documento informativo requisito de acceso al CFGS<\/a><\/li>\n<li><a href=\"https:\/\/easda.es\/wp-content\/uploads\/2020\/11\/SAIC-P2-01-Anexo3-Documento-informativo-requisito-de-acceso-ESD.pdf\"><strong>SGIC\u2013P2\u201301-Anexo3<\/strong>_Documento informativo requisito de acceso ESD<\/a><\/li>\n<li><a href=\"https:\/\/easda.es\/wp-content\/uploads\/2020\/11\/SAIC-P2-01-Anexo4-Formato-solicitud-de-acceso-directo-al-CFGM.pdf\"><strong>SGIC\u2013P2\u201301-Anexo4<\/strong>_Formato solicitud de acceso directo al CFGM<\/a><\/li>\n<li><a href=\"https:\/\/easda.es\/wp-content\/uploads\/2020\/11\/SAIC-P2-01-Anexo5-Formato-solicitud-de-la-prueba-de-acceso-al-CFGM.pdf\"><strong>SGIC\u2013P2\u201301-Anexo5<\/strong>_Formato solicitud de la prueba de acceso al CFGM<\/a><\/li>\n<li><a href=\"https:\/\/easda.es\/wp-content\/uploads\/2020\/11\/SAIC-P2-01-Anexo6-Formato-de-solicitud-revision-de-nota-de-prueba-de-acceso-al-CFGM.pdf\"><strong>SGIC\u2013P2\u201301-Anexo6<\/strong>_Formato de solicitud revisi\u00f3n de nota de prueba de acceso al CFGM<\/a><\/li>\n<li><a href=\"https:\/\/easda.es\/wp-content\/uploads\/2020\/11\/SAIC-P2-01-Anexo7-Formato-solicitud-de-acceso-directo-al-CFGS.pdf\"><strong>SGIC\u2013P2\u201301-Anexo7<\/strong>_Formato solicitud de acceso directo al CFGS<\/a><\/li>\n<li><a href=\"https:\/\/easda.es\/wp-content\/uploads\/2020\/11\/SAIC-P2-01-Anexo8-Formato-solicitud-de-la-prueba-de-acceso-al-CFGS.pdf\"><strong>SGIC\u2013P2\u201301-Anexo8<\/strong>_Formato solicitud de la prueba de acceso al CFGS<\/a><\/li>\n<li><a href=\"https:\/\/easda.es\/wp-content\/uploads\/2020\/11\/SAIC-P2-01-Anexo9-Formato-de-solicitud-revision-de-nota-de-prueba-de-acceso-al-CFGS.pdf\"><strong>SGIC\u2013P2\u201301-Anexo9<\/strong>_Formato de solicitud revisi\u00f3n de nota de prueba de acceso al CFGS<\/a><\/li>\n<li><a href=\"https:\/\/easda.es\/wp-content\/uploads\/2020\/11\/SAIC-P2-01-Anexo10-Formato-de-solicitud-revision-de-nota-de-prueba-de-acceso-a-ESD.pdf\"><strong>SGIC\u2013P2\u201301-Anexo10<\/strong>_Formato de solicitud revisi\u00f3n de nota de prueba de acceso a ESD<\/a><\/li>\n<li><a href=\"https:\/\/easda.es\/wp-content\/uploads\/2020\/11\/SAIC-P2-01-Anexo11-Formato-matriculacion-CFGM.pdf\"><strong>SGIC\u2013P2\u201301-Anexo11<\/strong>_Formato matriculaci\u00f3n CFGM<\/a><\/li>\n<li><a href=\"https:\/\/easda.es\/wp-content\/uploads\/2020\/11\/SAIC-P2-01-Anexo12-Documento-informativo-del-proceso-de-matricula-de-CFGM.pdf\"><strong>SGIC\u2013P2\u201301-Anexo12<\/strong>_Documento informativo del proceso de matr\u00edcula de CFGM<\/a><\/li>\n<li><a href=\"https:\/\/easda.es\/wp-content\/uploads\/2020\/11\/SAIC-P2-01-Anexo13-Formato-matriculacion-CFGS.pdf\"><strong>SGIC\u2013P2\u201301-Anexo13<\/strong>_Formato matriculaci\u00f3n CFGS<\/a><\/li>\n<li><a href=\"https:\/\/easda.es\/wp-content\/uploads\/2020\/11\/SAIC-P2-01-Anexo14-Documento-informativo-del-proceso-de-matricula-de-CFGS.pdf\"><strong>SGIC\u2013P2\u201301-Anexo14<\/strong>_Documento informativo del proceso de matr\u00edcula de CFGS<\/a><\/li>\n<li><a href=\"https:\/\/easda.es\/wp-content\/uploads\/2020\/11\/SAIC-P2-01-Anexo15-Documento-informativo-del-proceso-de-matricula-de-ESD.pdf\"><strong>SGIC\u2013P2\u201301-Anexo15<\/strong>_Documento informativo del proceso de matr\u00edcula de ESD<\/a><\/li>\n<\/ul>\n<\/li>\n<li><a href=\"https:\/\/easda.es\/wp-content\/uploads\/2020\/11\/SAIC-P2-02_orientacion_desarrollo_ensenanza_rev2.pdf\"><strong>SGIC-P2-02<\/strong>_Proceso de Orientaci\u00f3n al Estudiante y Desarrollo de la Ense\u00f1anza<\/a>\n<ul>\n<li><a href=\"https:\/\/easda.es\/wp-content\/uploads\/2020\/11\/SAIC-P2-02-Anexo1-Informacion-Reconocimiento-y-transferencia-de-creditos..pdf\"><strong>SGIC-P2-02-Anexo1<\/strong>_Informaci\u00f3n Reconocimiento y transferencia de cr\u00e9ditos.<\/a><\/li>\n<li><a href=\"https:\/\/easda.es\/wp-content\/uploads\/2020\/11\/SAIC-P2-02-Anexo2-Informacion-convalidacion-modulos-en-los-CFGS..pdf\"><strong>SGIC-P2-02-Anexo2<\/strong>_Informaci\u00f3n convalidaci\u00f3n m\u00f3dulos en los CFGS.<\/a><\/li>\n<\/ul>\n<\/li>\n<li><a href=\"https:\/\/easda.es\/wp-content\/uploads\/2020\/11\/SAIC-P2-03_Movilidad_eramus_easda.pdf\"><strong>SGIC-P2-03<\/strong>_Proceso de Gesti\u00f3n de la Movilidad de\u00a0Estudiantes y de Personal<\/a>\n<ul>\n<li><a href=\"https:\/\/easda.es\/wp-content\/uploads\/2020\/11\/SAIC-P2-03_Anexo-1.-Solicitud-alumnos-IN.pdf\"><strong>SGIC-P2-03-Anexo 1_<\/strong>Solicitud alumnos IN<\/a><\/li>\n<li><a href=\"https:\/\/easda.es\/wp-content\/uploads\/2020\/11\/SAIC-P2-03_Anexo-2.-Procedures.pdf\"><strong>SGIC-P2-03-Anexo 2_<\/strong>Procedures<\/a><\/li>\n<li><a href=\"https:\/\/easda.es\/wp-content\/uploads\/2020\/11\/SAIC-P2-03_Anexo-3.-Solicitud-alumnos-OUT.pdf\"><strong>SGIC-P2-03-Anexo 3_<\/strong>Solicitud Alumnos OUT<\/a><\/li>\n<li><a href=\"https:\/\/easda.es\/wp-content\/uploads\/2020\/11\/SAIC-P2-03_Anexo-4.-Tabla-de-equivalencias.pdf\"><strong>SGIC-P2-03-Anexo 4_<\/strong>Tabla de equivalencias<\/a><\/li>\n<li><a href=\"https:\/\/easda.es\/wp-content\/uploads\/2020\/11\/SAIC-P2-03_Anexo-5.-Encuesta-de-satisfaccion-sobre-movilidad-alumnos-OUT.pdf\"><strong>SGIC-P2-03-Anexo 5_<\/strong>Encuesta de satisfacci\u00f3n sobre la Movilidad. Alumnos OUT<\/a><\/li>\n<li><a href=\"https:\/\/easda.es\/wp-content\/uploads\/2020\/11\/SAIC-P2-03_Anexo-6.-Encuesta-de-seguimiento-sobre-la-movilidad-en-ingles.-Alumnos-IN.pdf\"><strong>SGIC-P2-03-Anexo 6_<\/strong>Encuesta de satisfacci\u00f3n sobre la Movilidad en ingl\u00e9s. Alumnos IN.<\/a><\/li>\n<\/ul>\n<\/li>\n<li style=\"text-align: left;\"><a href=\"https:\/\/easda.es\/wp-content\/uploads\/2020\/11\/SAIC-P2-04_practicas_insercion_laboral_easda_V2.pdf\"><strong>SGIC-P2-04<\/strong>_Proceso de Gesti\u00f3n de Pr\u00e1cticas Externas, Orientaci\u00f3n Profesional del Estudiante y An\u00e1lisis de la Inserci\u00f3n Laboral de los\u00a0Egresados<\/a>\n<ul>\n<li><a href=\"https:\/\/easda.es\/wp-content\/uploads\/2020\/11\/SAIC-P2-04_Anexo1_Informacion_AcuerdosCooperacionEducativa_2019_20.pdf\"><strong>SGIC-P2-04-Anexo1<\/strong>_INFO Acuerdos Cooperaci\u00f3n Educativa Pr\u00e1cticas Externas<\/a><\/li>\n<li><a href=\"https:\/\/easda.es\/wp-content\/uploads\/2020\/11\/SAIC-P2-04_Anexo2_Preguntas_Frecuentes_Practicas_Externas_2019-20.pdf\"><strong>SGIC-P2-04-Anexo2<\/strong>_Preguntas frecuentes sobre la realizaci\u00f3n de Pr\u00e1cticas Externas<\/a><\/li>\n<li><a href=\"https:\/\/easda.es\/wp-content\/uploads\/2020\/11\/SAIC-P2-04_Anexo3_PR01-OFERTA-PARA-LA-REALIZACION-DE-PRACTICAS-EXTERNAS.pdf\"><strong>SGIC-P2-04-Anexo3<\/strong>_PR01 Oferta Pr\u00e1cticas Formulario<\/a><\/li>\n<li><a href=\"https:\/\/easda.es\/wp-content\/uploads\/2020\/11\/SAIC-P2-04_Anexo4_PR02-ACUERDO-DE-COOPERACION.pdf\"><strong>SGIC-P2-04-Anexo4<\/strong>_PR02 Acuerdo Cooperaci\u00f3n Pr\u00e1cticas Externas<\/a><\/li>\n<li><a href=\"https:\/\/easda.es\/wp-content\/uploads\/2020\/11\/SAIC-P2-04_Anexo5_PR05-EXTRACURRICULARES-ACUERDO.pdf\"><strong>SGIC-P2-04-Anexo5<\/strong>_PR05 Acuerdo Cooperaci\u00f3n Pr\u00e1cticas Extracurriculares<\/a><\/li>\n<li><a href=\"https:\/\/easda.es\/wp-content\/uploads\/2020\/11\/SAIC-P2-04_Anexo6_PR03-ACUERDO-DE-COOPERACION-EDUCATIVA-AUMNADO.pdf\"><strong>SGIC-P2-04-Anexo6<\/strong>_PR03 Acuerdo Pr\u00e1cticas Formulario<\/a><\/li>\n<li><a href=\"https:\/\/easda.es\/wp-content\/uploads\/2020\/11\/SAIC-P2-04_Anexo7_PR04-EXTRACURRICULARES-ACUERDO-ALUMNADO.pdf\"><strong>SGIC-P2-04-Anexo7<\/strong>_PR04 Acuerdo Pr\u00e1cticas Extracurriculares Formulario<\/a><\/li>\n<li><a href=\"https:\/\/easda.es\/wp-content\/uploads\/2020\/11\/SAIC-P2-04_Anexo8_INF02_Memoria_alumno.pdf\"><strong>SGIC-P2-04-Anexo8<\/strong>_INF02 Evaluaci\u00f3n Informe Alumno<\/a><\/li>\n<li><a href=\"https:\/\/easda.es\/wp-content\/uploads\/2020\/11\/SAIC-P2-04_Anexo9_INF03_TutorExterno.pdf\"><strong>SGIC-P2-04-Anexo9<\/strong>_INF03 Evaluaci\u00f3n Tutor Empresas<\/a><\/li>\n<li><a href=\"https:\/\/easda.es\/wp-content\/uploads\/2020\/11\/SAIC-P2-04_Anexo10_INF01_Evaluacion_por_el_alumnado.pdf\"><strong>SGIC-P2-04-Anexo10<\/strong>_INF01 Memoria Estudiante<\/a><\/li>\n<li><a href=\"https:\/\/easda.es\/wp-content\/uploads\/2020\/11\/SAIC-P2-04_Anexo-11.pdf\"><strong>SGIC-P2-04-Anexo11<\/strong>_Anexo I. Concierto entre el centro educativo y la empresa.<\/a><\/li>\n<li><a href=\"https:\/\/easda.es\/wp-content\/uploads\/2020\/11\/SAIC-P2-04_Anexo-12.pdf\"><strong>SGIC-P2-04-Anexo12<\/strong>_Anexo II. Acuerdo empresa-alumno.<\/a><\/li>\n<li><a href=\"https:\/\/easda.es\/wp-content\/uploads\/2020\/11\/SAIC-P2-04_Anexo-13.pdf\"><strong>SGIC-P2-04-Anexo13<\/strong>_Anexo III. Programa formativo.<\/a><\/li>\n<li><a href=\"https:\/\/easda.es\/wp-content\/uploads\/2020\/11\/SAIC-P2-04_Anexo-14.pdf\"><strong>SGIC-P2-04-Anexo14<\/strong>_Anexo IV. Adaptaciones curriculares.<\/a><\/li>\n<li><a href=\"https:\/\/easda.es\/wp-content\/uploads\/2020\/11\/SAIC-P2-04_Anexo-15.pdf\"><strong>SGIC-P2-04-Anexo15<\/strong>_Anexo V. Hoja seguimiento semanal del alumno.<\/a><\/li>\n<li><a href=\"https:\/\/easda.es\/wp-content\/uploads\/2020\/11\/SAIC-P2-04_Anexo-16.pdf\"><strong>SGIC-P2-04-Anexo16<\/strong>_Anexo VI. Informe valorativo del instructor en el centro de trabajo.<\/a><\/li>\n<li><a href=\"https:\/\/easda.es\/wp-content\/uploads\/2020\/11\/SAIC-P2-04_Anexo-17.pdf\"><strong>SGIC-P2-04-Anexo17<\/strong>_Anexo VII. Inclusi\u00f3n de la empresa en Cat\u00e1logo Centros Trabajo.<\/a><\/li>\n<li><a href=\"https:\/\/easda.es\/wp-content\/uploads\/2020\/11\/SAIC-P2-04_Anexo-18.pdf\"><strong>SGIC-P2-04-Anexo18<\/strong>_Anexo VIII. Certificado de Centros de Trabajo.<\/a><\/li>\n<li><a href=\"https:\/\/easda.es\/wp-content\/uploads\/2020\/11\/SAIC-P2-04_Anexo-19.pdf\"><strong>SGIC-P2-04-Anexo19<\/strong>_Anexo IX. Memoria del Tutor.<\/a><\/li>\n<li><a href=\"https:\/\/easda.es\/wp-content\/uploads\/2020\/11\/SAIC-P2-04_Anexo-20.pdf\"><strong>SGIC-P2-04-Anexo20<\/strong>_Anexo X. Memoria del Departamento<\/a><\/li>\n<li><a href=\"https:\/\/easda.es\/wp-content\/uploads\/2020\/11\/SAIC-P2-04_Anexo-21.pdf\"><strong>SGIC-P2-04-Anexo21<\/strong>_Certificado del alumno de realizaci\u00f3n de FCT<\/a><\/li>\n<li><a href=\"https:\/\/easda.es\/wp-content\/uploads\/2020\/11\/SAIC-P2-04_Anexo-22.pdf\"><strong>SGIC-P2-04-Anexo22<\/strong>_Encuesta para egresados tras un a\u00f1o de finalizar los estudios.<\/a><\/li>\n<li><a href=\"https:\/\/easda.es\/wp-content\/uploads\/2020\/11\/SAIC-P2-04_Anexo-23.pdf\"><strong>SGIC-P2-04-Anexo23<\/strong>_Encuesta para egresados tras tres a\u00f1os de finalizar los estudios.<\/a><\/li>\n<\/ul>\n<\/li>\n<li style=\"text-align: left;\"><a href=\"https:\/\/easda.es\/wp-content\/uploads\/2020\/11\/SAIC-P2-05_gestion_incidencias.pdf\"><strong>SGIC-P2-05_<\/strong>Proceso de Gesti\u00f3n de Incidencias, Reclamaciones y Sugerencias en las Actividades Docentes, Administrativas y de Gesti\u00f3n del Centro<\/a>\n<ul>\n<li><a href=\"https:\/\/easda.es\/wp-content\/uploads\/2020\/11\/SAIC-P2-05-Anexo-1-Registro-seguimiento-de-reclamaciones.pdf\"><strong>SGIC-P2-05-Anexo1<\/strong>_Registro seguimiento de reclamaciones<\/a><\/li>\n<li><a href=\"https:\/\/easda.es\/wp-content\/uploads\/2020\/11\/SAIC-P2-05-Anexo2_Calendario-de-fechas-evaluacion_horario-de-revision.pdf\"><strong>SGIC-P2-05-Anexo2<\/strong>_Calendario de fechas de evaluaci\u00f3n y publicaci\u00f3n de notas. Horario de revisi\u00f3n.<\/a><\/li>\n<li><a href=\"https:\/\/easda.es\/wp-content\/uploads\/2020\/11\/SAIC-P2-05-Anexo3_-registro-control-de-revison.pdf\"><strong>SGIC-P2-05-Anexo3<\/strong>_Registro de control de revisi\u00f3n.<\/a><\/li>\n<li><a href=\"https:\/\/easda.es\/wp-content\/uploads\/2020\/11\/SAIC-P2-05-Anexo4_Reclamaciones_Calificaciones_.pdf\"><strong>SGIC-P2-05-Anexo4<\/strong>_Reclamaciones calificaciones.<\/a><\/li>\n<li><a href=\"https:\/\/easda.es\/wp-content\/uploads\/2020\/11\/SAIC-P2-05-Anexo5-Resolucion-del-director.pdf\"><strong>SGIC-P2-05-Anexo5<\/strong>_Resoluci\u00f3n del director.<\/a><\/li>\n<li><a href=\"https:\/\/easda.es\/wp-content\/uploads\/2020\/11\/SAIC-P2-05-Anexo6-Diagrama-de-flujo-reclamaciones-ESD_TFT.pdf\"><strong>SGIC-P2-05-Anexo6<\/strong>_Diagrama de flujo de las reclamaciones.<\/a><\/li>\n<\/ul>\n<\/li>\n<li><a href=\"https:\/\/easda.es\/wp-content\/uploads\/2020\/11\/SAIC-P3-01_profesorado_pdi_EASDA.pdf\"><strong>SGIC-P3-01<\/strong>_Proceso de Definici\u00f3n de Pol\u00edtica, Captaci\u00f3n, Seslecci\u00f3n, Evaluaci\u00f3n, Promoci\u00f3n y Reconocimiento del Personal Acad\u00e9mico<\/a>\n<ul>\n<li><a href=\"https:\/\/easda.es\/wp-content\/uploads\/2020\/11\/SAIC-P3-01-Anexo1.pdf\"><strong>SGIC-P3-01-Anexo1<\/strong>_Esquema Memoria final curso.<\/a><\/li>\n<\/ul>\n<\/li>\n<li><a href=\"https:\/\/easda.es\/wp-content\/uploads\/2020\/11\/SAIC-P3-02_formacion_pdi_EASDA.pdf\"><strong>SGIC-P3-02<\/strong>_Proceso de Formaci\u00f3n del PDI (Personal\u00a0Docente e Investigador)<\/a>\n<ul>\n<li><a href=\"https:\/\/easda.es\/wp-content\/uploads\/2020\/11\/SAIC-P3-02-Anexo-1.pdf\"><strong>SGIC-P3-02-Anexo1<\/strong>_Plantilla Actividad de Formaci\u00f3n Permanente para el PAF<\/a><\/li>\n<li><a href=\"https:\/\/easda.es\/wp-content\/uploads\/2020\/11\/SAIC-P3-02-Anexo-2.pdf\"><strong>SGIC-P3-02-Anexo2<\/strong>_Plantilla Evaluaci\u00f3n Participantes en Actividad Formativa<\/a><\/li>\n<li><a href=\"https:\/\/easda.es\/wp-content\/uploads\/2020\/11\/SAIC-P3-02-Anexo-3.pdf\"><strong>SGIC-P3-02-Anexo3<\/strong>_Encuesta de Satisfacci\u00f3n con la Formaci\u00f3n Recibida<\/a><\/li>\n<\/ul>\n<\/li>\n<li><a href=\"https:\/\/easda.es\/wp-content\/uploads\/2020\/11\/SAIC-P3-03_procedimiento_pas.pdf\"><strong>SGIC-P3-03_<\/strong>Proceso de Definici\u00f3n de Pol\u00edtica, Captaci\u00f3n, Selecci\u00f3n, Formaci\u00f3n, Evaluaci\u00f3n, Promoci\u00f3n y Reconocimiento del Personal de Administraci\u00f3n y Servicios (PAS) de la EASDA<\/a><\/li>\n<li><a href=\"https:\/\/easda.es\/wp-content\/uploads\/2020\/11\/SAIC-P4-01_gestion_recursos.pdf\"><strong>SGIC-P4-01<\/strong>_Proceso de Gesti\u00f3n de los Recursos Materiales y los Servicios Necesarios en la EASDA<\/a><\/li>\n<li><a href=\"https:\/\/easda.es\/wp-content\/uploads\/2020\/11\/SAIC-P5-01_analisis_resultados_mejora_rev2.pdf\"><strong>SGIC-P5-01<\/strong>_Proceso de An\u00e1lisis de Resultados. Din\u00e1mica para el Establecimiento de\u00a0Acciones de Mejora<\/a>\n<ul>\n<li><a href=\"https:\/\/easda.es\/wp-content\/uploads\/2020\/11\/SAIC-P5-01-Anexo-1-Acciones-de-mejora.pdf\"><strong>SGIC-P5-01-Anexo1<\/strong>_Acciones de mejora<\/a><\/li>\n<\/ul>\n<\/li>\n<li><a href=\"https:\/\/easda.es\/wp-content\/uploads\/2020\/11\/SAIC-P6-01_publicacion_titulaciones_rev1.pdf\"><strong>SGIC-P6-01_<\/strong>Proceso para la Publicaci\u00f3n sobre\u00a0Titulaciones<\/a><\/li>\n<\/ul>\n\n\n<p><\/p>\n","protected":false},"excerpt":{"rendered":"<p>[vc_row][vc_column][vc_row_inner][vc_column_inner][vc_empty_space height=\u00bb24px\u00bb][vc_column_text] SGIC-P0-01_Sistema de Aseguramiento Interno de Calidad SGIC-P0-02_Pol\u00edtica y Objetivos de Calidad SGIC-P0-02-Anexo1_Declaraci\u00f3n p\u00fablica de la Pol\u00edtica y Objetivos de Calidad SGIC-P1-01_Proceso para garantizar la Calidad de los Programas Formativos SGIC-P1-01-Anexo1_Plantilla de la Gu\u00eda Docente SGIC-P1-01-Anexo2_Actividades de Centro SGIC-P1-01-Anexo3_Modelo [&hellip;]<\/p>\n","protected":false},"author":8,"featured_media":0,"parent":0,"menu_order":0,"comment_status":"closed","ping_status":"closed","template":"","meta":{"footnotes":""},"class_list":["post-11806","page","type-page","status-publish","hentry"],"_links":{"self":[{"href":"https:\/\/easda.es\/index.php?rest_route=\/wp\/v2\/pages\/11806","targetHints":{"allow":["GET"]}}],"collection":[{"href":"https:\/\/easda.es\/index.php?rest_route=\/wp\/v2\/pages"}],"about":[{"href":"https:\/\/easda.es\/index.php?rest_route=\/wp\/v2\/types\/page"}],"author":[{"embeddable":true,"href":"https:\/\/easda.es\/index.php?rest_route=\/wp\/v2\/users\/8"}],"replies":[{"embeddable":true,"href":"https:\/\/easda.es\/index.php?rest_route=%2Fwp%2Fv2%2Fcomments&post=11806"}],"version-history":[{"count":5,"href":"https:\/\/easda.es\/index.php?rest_route=\/wp\/v2\/pages\/11806\/revisions"}],"predecessor-version":[{"id":13599,"href":"https:\/\/easda.es\/index.php?rest_route=\/wp\/v2\/pages\/11806\/revisions\/13599"}],"wp:attachment":[{"href":"https:\/\/easda.es\/index.php?rest_route=%2Fwp%2Fv2%2Fmedia&parent=11806"}],"curies":[{"name":"wp","href":"https:\/\/api.w.org\/{rel}","templated":true}]}}