{"id":11051,"date":"2021-07-05T10:00:37","date_gmt":"2021-07-05T08:00:37","guid":{"rendered":"https:\/\/easda.es\/?page_id=11051"},"modified":"2025-05-13T12:50:07","modified_gmt":"2025-05-13T10:50:07","slug":"tasas","status":"publish","type":"page","link":"https:\/\/easda.es\/?page_id=11051","title":{"rendered":"Tasas"},"content":{"rendered":"<p>[vc_row gap=\u00bb30&#8243;][vc_column][vc_row_inner][vc_column_inner][vc_single_image image=\u00bb11062&#8243; img_size=\u00bbfull\u00bb][vc_empty_space height=\u00bb48px\u00bb][\/vc_column_inner][\/vc_row_inner][vc_row_inner][\/vc_row_inner][vc_column_inner][\/vc_column_inner]<div class=\"qodef-section-title-holder  qodef-st-standard qodef-st-title-left qodef-st-normal-space \" >\n\t<div class=\"qodef-st-inner\">\n\t\t\t\t\t<h2 class=\"qodef-st-title\" >\n\t\t\t\tTasas\t\t\t<\/h2>\n\t\t\t\t\t<\/div>\n<\/div>[vc_empty_space height=\u00bb24px\u00bb][vc_column_text]<\/p>\n\n\n<p><strong>PostGrados<\/strong><\/p>\n\n\n\n<p>M\u00e1ster en Ense\u00f1anzas Art\u00edsticas en Arte y Dise\u00f1o para Realidades Extendidas y Videojuegos.<br>. <a href=\"https:\/\/easda.es\/?page_id=12280\">Ficha resumen (Cr\u00e9ditos, Duraci\u00f3n, Plazas, Precio, etc.).<\/a><\/p>\n\n\n\n<div style=\"height:19px\" aria-hidden=\"true\" class=\"wp-block-spacer\"><\/div>\n\n\n\n<p>Tasas de Inscripci\u00f3n al M\u00e1ster<\/p>\n\n\n\n<p>. <a href=\"https:\/\/sara-frontend.gva.es\/sara-frontend\/modelo?ID_SIMUL=SIMU046-9778&amp;LANG=es\" target=\"_blank\" rel=\"noreferrer noopener\">Prueba de Aptitud acceso al M\u00e1ster<\/a><br><\/p>\n\n\n\n<div style=\"height:19px\" aria-hidden=\"true\" class=\"wp-block-spacer\"><\/div>\n\n\n\n<p>Tasas de matr\u00edcula para alumnado de nuevo acceso M\u00e1ster:<\/p>\n\n\n\n<p>. <a href=\"https:\/\/sara-frontend.gva.es\/sara-frontend\/modelo?ID_SIMUL=SIMU046-9779&amp;LANG=es\" target=\"_blank\" rel=\"noreferrer noopener\">Apertura de expediente y Expedici\u00f3n o renovaci\u00f3n de tarjetas<\/a><\/p>\n\n\n\n<p>. <a href=\"https:\/\/sara-frontend.gva.es\/sara-frontend\/modelo?ID_SIMUL=SIMU046-9776&amp;LANG=es\" target=\"_blank\" rel=\"noreferrer noopener\">Matr\u00edcula y reconocimiento de cr\u00e9ditos<\/a><\/p>\n\n\n\n<p>. <a href=\"https:\/\/sara-frontend.gva.es\/sara-frontend\/modelo?ID_SIMUL=SIMU046-9779&amp;LANG=es\" target=\"_blank\" rel=\"noreferrer noopener\">Expedici\u00f3n de t\u00edtulo<\/a><\/p>\n\n\n\n<p>. <a href=\"https:\/\/sara-frontend.gva.es\/sara-frontend\/modelo?ID_SIMUL=SIMU046-9779&amp;LANG=es\" target=\"_blank\" rel=\"noreferrer noopener\">Certificado Acad\u00e9mico Oficial<\/a><\/p>\n\n\n\n<div style=\"height:19px\" aria-hidden=\"true\" class=\"wp-block-spacer\"><\/div>\n\n\n\n<p><strong>Grados en Ense\u00f1anzas Art\u00edsticas Superiores<\/strong><\/p>\n\n\n\n<p>Tasas de Inscripci\u00f3n a las Pruebas para alumnado de nuevo acceso:<br><a href=\"https:\/\/sara-frontend.gva.es\/sara-frontend\/modelo?ID_SIMUL=SIMU046-9778&amp;LANG=es\" target=\"_blank\" rel=\"noreferrer noopener\">. Inscripci\u00f3n a las Pruebas de Acceso<\/a><\/p>\n\n\n\n<div style=\"height:19px\" aria-hidden=\"true\" class=\"wp-block-spacer\"><\/div>\n\n\n\n<p>Tasas de matr\u00edcula para alumnado de nuevo acceso:<br><a href=\"https:\/\/sara-frontend.gva.es\/sara-frontend\/modelo?ID_SIMUL=SIMU046-9779&amp;LANG=es\" target=\"_blank\" rel=\"noreferrer noopener\">. Apertura de expediente y Expedici\u00f3n o renovaci\u00f3n de tarjetas<\/a><br><a href=\"https:\/\/sara-frontend.gva.es\/sara-frontend\/modelo?ID_SIMUL=SIMU046-9776&amp;LANG=es\" target=\"_blank\" rel=\"noreferrer noopener\">. Matr\u00edcula y reconocimiento de cr\u00e9ditos<\/a><\/p>\n\n\n\n<div style=\"height:19px\" aria-hidden=\"true\" class=\"wp-block-spacer\"><\/div>\n\n\n\n<p>Tasas de matr\u00edcula para el resto de alumnado:<br><a href=\"https:\/\/sara-frontend.gva.es\/sara-frontend\/modelo?ID_SIMUL=SIMU046-9779&amp;LANG=es\" target=\"_blank\" rel=\"noreferrer noopener\">. Expedici\u00f3n o renovaci\u00f3n de tarjetas<\/a><br><a href=\"https:\/\/sara-frontend.gva.es\/sara-frontend\/modelo?ID_SIMUL=SIMU046-9776&amp;LANG=es\" target=\"_blank\" rel=\"noreferrer noopener\">. Matr\u00edcula y reconocimiento de cr\u00e9ditos<\/a><\/p>\n\n\n\n<div style=\"height:19px\" aria-hidden=\"true\" class=\"wp-block-spacer\"><\/div>\n\n\n\n<p>Tasas para expedici\u00f3n de t\u00edtulos:<br><a href=\"https:\/\/sara-frontend.gva.es\/sara-frontend\/modelo?ID_SIMUL=SIMU046-9779&amp;LANG=es\" target=\"_blank\" rel=\"noreferrer noopener\">. Expedici\u00f3n de t\u00edtulo<\/a><br><a href=\"https:\/\/sara-frontend.gva.es\/sara-frontend\/modelo?ID_SIMUL=SIMU046-9779&amp;LANG=es\" target=\"_blank\" rel=\"noreferrer noopener\">. Certificado Acad\u00e9mico Oficial<\/a><\/p>\n\n\n\n<div style=\"height:19px\" aria-hidden=\"true\" class=\"wp-block-spacer\"><\/div>\n\n\n\n<p><a href=\"https:\/\/ceice.gva.es\/es\/web\/ensenanzas-regimen-especial\/devolucio-taxes1\" target=\"_blank\" rel=\"noreferrer noopener\">Instrucciones para la devoluci\u00f3n de tasas indebidas<\/a><\/p>\n\n\n\n<div style=\"height:19px\" aria-hidden=\"true\" class=\"wp-block-spacer\"><\/div>\n\n\n\n<p><strong>Ciclos Formativos (Grado Medio y Superior) de las Ense\u00f1anzas Profesionales de Artes Pl\u00e1sticas y Dise\u00f1o<\/strong><\/p>\n\n\n\n<p>. <a href=\"https:\/\/sara-frontend.gva.es\/sara-frontend\/modelo?ID_SIMUL=SIMU046-9669&amp;LANG=es\" target=\"_blank\" rel=\"noreferrer noopener\">Tasas de Ense\u00f1anzas art\u00edsticas profesionales de r\u00e9gimen especial de artes pl\u00e1sticas y dise\u00f1o<\/a> (Prueba, Apertura de Expediente, Tarjeta, Matr\u00edcula, Certificados, Titulo, etc.).<\/p>\n\n\n\n<p>[\/vc_column_text][vc_empty_space height=\u00bb24px\u00bb][\/vc_column][\/vc_row]<\/p>\n\n\n\n<p><\/p>\n","protected":false},"excerpt":{"rendered":"<p>[vc_row gap=\u00bb30&#8243;][vc_column][vc_row_inner][vc_column_inner][vc_single_image image=\u00bb11062&#8243; img_size=\u00bbfull\u00bb][vc_empty_space height=\u00bb48px\u00bb][\/vc_column_inner][\/vc_row_inner][vc_row_inner][\/vc_row_inner][vc_column_inner][\/vc_column_inner][vc_empty_space height=\u00bb24px\u00bb][vc_column_text] PostGrados M\u00e1ster en Ense\u00f1anzas Art\u00edsticas en Arte y Dise\u00f1o para Realidades Extendidas y Videojuegos.. Ficha resumen (Cr\u00e9ditos, Duraci\u00f3n, Plazas, Precio, etc.). Tasas de Inscripci\u00f3n al M\u00e1ster . Prueba de Aptitud acceso al M\u00e1ster Tasas [&hellip;]<\/p>\n","protected":false},"author":8,"featured_media":0,"parent":2742,"menu_order":0,"comment_status":"closed","ping_status":"closed","template":"","meta":{"footnotes":""},"class_list":["post-11051","page","type-page","status-publish","hentry"],"_links":{"self":[{"href":"https:\/\/easda.es\/index.php?rest_route=\/wp\/v2\/pages\/11051","targetHints":{"allow":["GET"]}}],"collection":[{"href":"https:\/\/easda.es\/index.php?rest_route=\/wp\/v2\/pages"}],"about":[{"href":"https:\/\/easda.es\/index.php?rest_route=\/wp\/v2\/types\/page"}],"author":[{"embeddable":true,"href":"https:\/\/easda.es\/index.php?rest_route=\/wp\/v2\/users\/8"}],"replies":[{"embeddable":true,"href":"https:\/\/easda.es\/index.php?rest_route=%2Fwp%2Fv2%2Fcomments&post=11051"}],"version-history":[{"count":30,"href":"https:\/\/easda.es\/index.php?rest_route=\/wp\/v2\/pages\/11051\/revisions"}],"predecessor-version":[{"id":18940,"href":"https:\/\/easda.es\/index.php?rest_route=\/wp\/v2\/pages\/11051\/revisions\/18940"}],"up":[{"embeddable":true,"href":"https:\/\/easda.es\/index.php?rest_route=\/wp\/v2\/pages\/2742"}],"wp:attachment":[{"href":"https:\/\/easda.es\/index.php?rest_route=%2Fwp%2Fv2%2Fmedia&parent=11051"}],"curies":[{"name":"wp","href":"https:\/\/api.w.org\/{rel}","templated":true}]}}