{"id":10458,"date":"2021-03-10T11:37:15","date_gmt":"2021-03-10T10:37:15","guid":{"rendered":"https:\/\/easda.es\/?page_id=10458"},"modified":"2026-02-04T19:30:41","modified_gmt":"2026-02-04T18:30:41","slug":"reclamaciones-quejas-y-sugerencias","status":"publish","type":"page","link":"https:\/\/easda.es\/?page_id=10458","title":{"rendered":"Sugerencia, queja o reclamaci\u00f3n"},"content":{"rendered":"<p>[vc_row_inner][vc_column_inner]<div class=\"qodef-section-title-holder  qodef-st-standard qodef-st-title-left qodef-st-normal-space \" >\n\t<div class=\"qodef-st-inner\">\n\t\t\t\t\t<h2 class=\"qodef-st-title\" >\n\t\t\t\tSugerencia, queja o reclamaci\u00f3n\t\t\t<\/h2>\n\t\t\t\t\t<\/div>\n<\/div>[vc_empty_space height=\u00bb48px\u00bb][vc_column_text]<\/p>\n<p>Si necesitas realizar una <strong>sugerencia, queja o reclamaci\u00f3n\u00a0general<\/strong>, puedes rellenar el siguiente <a href=\"https:\/\/easda.es\/wp-content\/uploads\/2026\/02\/R_Plantilla_SQRF.pdf\" target=\"_blank\" rel=\"noopener noreferrer\">formulario<\/a> y enviarlo por correo electr\u00f3nico a <a href=\"mailto:easdalacant.administracio@iseacv.gva.es\">administraci\u00f3n.<\/a><\/p>\n<p>Si necesitas realizar una <strong>reclamaci\u00f3n de calificaciones<\/strong>, puedes rellenar el siguiente <a href=\"https:\/\/easda.es\/wp-content\/uploads\/2024\/09\/reclamacion-de-calificaciones.pdf\" target=\"_blank\" rel=\"noopener noreferrer\">formulario<\/a> y enviarlo por correo electr\u00f3nico a <a href=\"mailto:easdalacant.administracio@iseacv.gva.es\">administraci\u00f3n.<\/a><\/p>\n\n\n<p><\/p>\n","protected":false},"excerpt":{"rendered":"<p>[vc_row_inner][vc_column_inner][vc_empty_space height=\u00bb48px\u00bb][vc_column_text] Si necesitas realizar una sugerencia, queja o reclamaci\u00f3n\u00a0general, puedes rellenar el siguiente formulario y enviarlo por correo electr\u00f3nico a administraci\u00f3n. Si necesitas realizar una reclamaci\u00f3n de calificaciones, puedes rellenar el siguiente formulario y enviarlo por correo electr\u00f3nico a [&hellip;]<\/p>\n","protected":false},"author":8,"featured_media":0,"parent":2742,"menu_order":0,"comment_status":"closed","ping_status":"closed","template":"","meta":{"footnotes":""},"class_list":["post-10458","page","type-page","status-publish","hentry"],"_links":{"self":[{"href":"https:\/\/easda.es\/index.php?rest_route=\/wp\/v2\/pages\/10458","targetHints":{"allow":["GET"]}}],"collection":[{"href":"https:\/\/easda.es\/index.php?rest_route=\/wp\/v2\/pages"}],"about":[{"href":"https:\/\/easda.es\/index.php?rest_route=\/wp\/v2\/types\/page"}],"author":[{"embeddable":true,"href":"https:\/\/easda.es\/index.php?rest_route=\/wp\/v2\/users\/8"}],"replies":[{"embeddable":true,"href":"https:\/\/easda.es\/index.php?rest_route=%2Fwp%2Fv2%2Fcomments&post=10458"}],"version-history":[{"count":13,"href":"https:\/\/easda.es\/index.php?rest_route=\/wp\/v2\/pages\/10458\/revisions"}],"predecessor-version":[{"id":20436,"href":"https:\/\/easda.es\/index.php?rest_route=\/wp\/v2\/pages\/10458\/revisions\/20436"}],"up":[{"embeddable":true,"href":"https:\/\/easda.es\/index.php?rest_route=\/wp\/v2\/pages\/2742"}],"wp:attachment":[{"href":"https:\/\/easda.es\/index.php?rest_route=%2Fwp%2Fv2%2Fmedia&parent=10458"}],"curies":[{"name":"wp","href":"https:\/\/api.w.org\/{rel}","templated":true}]}}