{"id":10255,"date":"2021-02-05T21:11:26","date_gmt":"2021-02-05T20:11:26","guid":{"rendered":"https:\/\/easda.es\/?page_id=10255"},"modified":"2025-09-10T11:10:11","modified_gmt":"2025-09-10T09:10:11","slug":"taller-de-tecnicas-de-animacion","status":"publish","type":"page","link":"https:\/\/easda.es\/?page_id=10255","title":{"rendered":"Taller de t\u00e9cnicas de animaci\u00f3n"},"content":{"rendered":"<div class=\"wp-block-image\">\n<figure class=\"aligncenter size-large\"><img loading=\"lazy\" decoding=\"async\" width=\"1024\" height=\"512\" src=\"https:\/\/easda.es\/wp-content\/uploads\/2021\/02\/optativa-taller-tecnicas-animacion-1-1024x512.jpg\" alt=\"\" class=\"wp-image-10339\" srcset=\"https:\/\/easda.es\/wp-content\/uploads\/2021\/02\/optativa-taller-tecnicas-animacion-1-1024x512.jpg 1024w, https:\/\/easda.es\/wp-content\/uploads\/2021\/02\/optativa-taller-tecnicas-animacion-1-300x150.jpg 300w, https:\/\/easda.es\/wp-content\/uploads\/2021\/02\/optativa-taller-tecnicas-animacion-1-768x384.jpg 768w, https:\/\/easda.es\/wp-content\/uploads\/2021\/02\/optativa-taller-tecnicas-animacion-1-1100x550.jpg 1100w, https:\/\/easda.es\/wp-content\/uploads\/2021\/02\/optativa-taller-tecnicas-animacion-1.jpg 1200w\" sizes=\"auto, (max-width: 1024px) 100vw, 1024px\" \/><\/figure>\n<\/div>\n\n\n<div class=\"wp-block-group\"><div class=\"wp-block-group__inner-container is-layout-flow wp-block-group-is-layout-flow\">\n<p>[vc_row][vc_column][vc_empty_space]<div class=\"qodef-section-title-holder  qodef-st-standard qodef-st-title-left qodef-st-normal-space \" >\n\t<div class=\"qodef-st-inner\">\n\t\t\t\t\t<h2 class=\"qodef-st-title\" >\n\t\t\t\tTaller de t\u00e9cnicas de animaci\u00f3n\t\t\t<\/h2>\n\t\t\t\t\t<\/div>\n<\/div>[vc_empty_space][vc_column_text]<\/p>\n<p>Las redes sociales, herramienta de promoci\u00f3n al alcance de todos, no viven s\u00f3lo de memes y bailes tiktokeros! Si quieres diferenciarte, tus contenidos tienen que ser atractivos e interesantes. En este taller te proponemos usar la animaci\u00f3n.<br \/>Veremos distintas t\u00e9cnicas como animaci\u00f3n fotograma a fotograma y rotoscopia.<br \/>Dotaremos de vida el flat design. Experimentaremos con herramientas de distinta complejidad, desde aplicaciones para m\u00f3viles hasta programas de retoque fotogr\u00e1fico y composici\u00f3n.<br \/>El docente te acompa\u00f1ar\u00e1 en el proceso creativo para desarrollar microanimaciones adaptadas a tus intereses y a tu especialidad.<br \/>\u00a1\u00a1Prep\u00e1rate para incorporar collages animados y cinemagraphs a tus RRSS!!<\/p>\n<h5><strong>Contenidos<\/strong><\/h5>\n<p>UNIDAD 1 &#8211; Animaci\u00f3n fotograma a fotograma<br \/>1. Breve historia del stop motion<br \/>2. Principios y conceptos b\u00e1sicos de la animaci\u00f3n<br \/>3. Herramientas de animaci\u00f3n: aplicaciones, software y otras<br \/>4. Materiales susceptibles de ser animados<br \/>&#8211; Stop motion: animaci\u00f3n de objetos<br \/>&#8211; Cut-Out : animaci\u00f3n de recortes y siluetas<br \/>&#8211; Clay animation: animaci\u00f3n con material moldeable (plastilina)<br \/>&#8211; Sand animation: animaci\u00f3n con arena y plastilina sobre cristal<br \/>&#8211; Puppet animation: animaci\u00f3n de mu\u00f1ecos<br \/>&#8211; Pixilation<br \/>5. Proyecto: microanimaci\u00f3n<br \/>5. 1. Concepto (crear una historia)<br \/>5. 2. Storyboard (planificaci\u00f3n visual)<br \/>5. 3. Dise\u00f1o de personajes y decorados<br \/>5. 4. Captura y edici\u00f3n<br \/>5. 5. Exportaci\u00f3n y publicaci\u00f3n en RRSS: codificaci\u00f3n de los videos en funci\u00f3n de las plataformas.<\/p>\n<p>UNIDAD 2 &#8211; Rotoscopia<br \/>1. Breve historia<br \/>2. Creaci\u00f3n y edici\u00f3n del video<br \/>3. Preparaci\u00f3n del material para rotoscopiar<br \/>4. T\u00e9cnicas anal\u00f3gicas y digitales<br \/>5. Dibujo del movimiento: herramientas de dibujo (seco, l\u00e1piz, rotulador\u2026) y pintura (acuarela, aer\u00f3grafo, \u00f3leo\u2026)<br \/>6. Edici\u00f3n del material rotoscopiado<br \/>7. Exportaci\u00f3n y publicaci\u00f3n en RRSS<\/p>\n<p>8. Proyecto: rotoscopia colaborativa<\/p>\n<p>UNIDAD 3 &#8211; Collage animado<br \/>1. Breve historia<br \/>2. B\u00fasqueda del material: fotograf\u00edas, videos,<br \/>3. Preparaci\u00f3n de los materiales<br \/>4. Composici\u00f3n de las escenas<br \/>5. T\u00e9cnica:<br \/>5.1 Nociones b\u00e1sicas de After Effects<br \/>5.2 Animaci\u00f3n de las capas y de las escenas<br \/>5.3 Exportaci\u00f3n y publicaci\u00f3n en RRSS<br \/>6. Proyecto final: microanimaci\u00f3n<\/p>\n<p>UNIDAD 4 &#8211; Animaci\u00f3n Flat design con After Effects<br \/>1. Dise\u00f1o de un personaje<br \/>2. Bocetos<br \/>3. Rigging<br \/>4. Animaci\u00f3n<br \/>5. Composici\u00f3n de la escena<br \/>6. Exportaci\u00f3n y publicaci\u00f3n en RRSS: formato GIF<br \/>7. Proyecto: microanimaci\u00f3n<\/p>\n<p>Unidad 5- Entre la fotografia y el video: cinemagraphs<br \/>1. Breve historia<br \/>2. Bocetos<br \/>3. Mood board y paleta de colores<br \/>4. Producci\u00f3n: equipo y materiales, iluminaci\u00f3n, toma de las im\u00e1genes<br \/>5. Edici\u00f3n, montaje y sonorizaci\u00f3n<br \/>6. Exportaci\u00f3n y publicaci\u00f3n en RRSS<br \/>7. Proyecto cinemagraph<\/p>\n<h5><strong>Resultados de aprendizaje<\/strong><\/h5>\n<p>R1: El alumno\/a usa los recursos e instrumentos t\u00e9cnicos y tecnol\u00f3gicos necesarios para crear animaciones.<\/p>\n<p>R2: El alumno\/a aplica los lenguajes expresivos y sigue las fases de producci\u00f3n necesarias en la realizaci\u00f3n de proyectos audiovisuales de animaci\u00f3n.<\/p>\n<p>R3: El alumno\/a emplea soluciones expresivas y creativas coherentes en la creaci\u00f3n de animaciones con funciones diversas.<\/p>\n<p>R4: El alumno\/a adopta una actitud propositiva, resolutiva y respetuosa hacia el proceso de aprendizaje y sus miembros.<\/p>\n<h5>Imparte la asignatura<\/h5>\n<p>Curso escolar 2025\/2026: Ruth Briz<\/p>\n<p>[\/vc_column_text][\/vc_column][\/vc_row]<\/p>\n<\/div><\/div>\n","protected":false},"excerpt":{"rendered":"<p>[vc_row][vc_column][vc_empty_space][vc_empty_space][vc_column_text] Las redes sociales, herramienta de promoci\u00f3n al alcance de todos, no viven s\u00f3lo de memes y bailes tiktokeros! Si quieres diferenciarte, tus contenidos tienen que ser atractivos e interesantes. En este taller te proponemos usar la animaci\u00f3n.Veremos distintas t\u00e9cnicas [&hellip;]<\/p>\n","protected":false},"author":6,"featured_media":0,"parent":0,"menu_order":0,"comment_status":"closed","ping_status":"closed","template":"","meta":{"footnotes":""},"class_list":["post-10255","page","type-page","status-publish","hentry"],"_links":{"self":[{"href":"https:\/\/easda.es\/index.php?rest_route=\/wp\/v2\/pages\/10255","targetHints":{"allow":["GET"]}}],"collection":[{"href":"https:\/\/easda.es\/index.php?rest_route=\/wp\/v2\/pages"}],"about":[{"href":"https:\/\/easda.es\/index.php?rest_route=\/wp\/v2\/types\/page"}],"author":[{"embeddable":true,"href":"https:\/\/easda.es\/index.php?rest_route=\/wp\/v2\/users\/6"}],"replies":[{"embeddable":true,"href":"https:\/\/easda.es\/index.php?rest_route=%2Fwp%2Fv2%2Fcomments&post=10255"}],"version-history":[{"count":10,"href":"https:\/\/easda.es\/index.php?rest_route=\/wp\/v2\/pages\/10255\/revisions"}],"predecessor-version":[{"id":19595,"href":"https:\/\/easda.es\/index.php?rest_route=\/wp\/v2\/pages\/10255\/revisions\/19595"}],"wp:attachment":[{"href":"https:\/\/easda.es\/index.php?rest_route=%2Fwp%2Fv2%2Fmedia&parent=10255"}],"curies":[{"name":"wp","href":"https:\/\/api.w.org\/{rel}","templated":true}]}}