{"id":10226,"date":"2021-02-05T17:31:28","date_gmt":"2021-02-05T16:31:28","guid":{"rendered":"https:\/\/easda.es\/?page_id=10226"},"modified":"2025-09-10T10:47:34","modified_gmt":"2025-09-10T08:47:34","slug":"complementos-de-moda","status":"publish","type":"page","link":"https:\/\/easda.es\/?page_id=10226","title":{"rendered":"Complementos de Moda"},"content":{"rendered":"<p>[vc_row][vc_column]<div class=\"avt_masterslider_el \" >\n\t\t<!-- MasterSlider -->\n\t\t<div id=\"P_MS69e09540acb8f\" class=\"master-slider-parent msl ms-parent-id-68\" style=\"max-width:800px;\">\n\n\t\t\t\n\t\t\t<!-- MasterSlider Main -->\n\t\t\t<div id=\"MS69e09540acb8f\" class=\"master-slider ms-skin-default\" >\n\t\t\t\t \t\t\t\t \n\t\t\t\t<div  class=\"ms-slide\" data-delay=\"3\" data-fill-mode=\"fill\"  >\n\t\t\t\t\t<img decoding=\"async\" src=\"https:\/\/easda.es\/wp-content\/plugins\/master-slider\/public\/assets\/css\/blank.gif\" alt=\"\" title=\"\" data-src=\"https:\/\/easda.es\/wp-content\/uploads\/2024\/10\/Masterslider_ComplementosModa1.jpg\" \/>\n\n\n\t<div class=\"ms-thumb\" ><div class=\"ms-tab-context\"><div class=\"&quot;ms-tab-context&quot;\"><\/div><\/div>\n<\/div>\n\t\t\t\t<\/div>\n\t\t\t\t<div  class=\"ms-slide\" data-delay=\"3\" data-fill-mode=\"fill\"  >\n\t\t\t\t\t<img decoding=\"async\" src=\"https:\/\/easda.es\/wp-content\/plugins\/master-slider\/public\/assets\/css\/blank.gif\" alt=\"\" title=\"\" data-src=\"https:\/\/easda.es\/wp-content\/uploads\/2024\/10\/Masterslider_ComplementosModa3.jpg\" \/>\n\n\n\t<div class=\"ms-thumb\" ><div class=\"ms-tab-context\"><div class=\"&quot;ms-tab-context&quot;\"><\/div><\/div>\n<\/div>\n\t\t\t\t<\/div>\n\t\t\t\t<div  class=\"ms-slide\" data-delay=\"3\" data-fill-mode=\"fill\"  >\n\t\t\t\t\t<img decoding=\"async\" src=\"https:\/\/easda.es\/wp-content\/plugins\/master-slider\/public\/assets\/css\/blank.gif\" alt=\"\" title=\"\" data-src=\"https:\/\/easda.es\/wp-content\/uploads\/2024\/10\/Masterslider_ComplementosModa2.jpg\" \/>\n\n\n\t<div class=\"ms-thumb\" ><div class=\"ms-tab-context\"><div class=\"&quot;ms-tab-context&quot;\"><\/div><\/div>\n<\/div>\n\t\t\t\t<\/div>\n\n\t\t\t<\/div>\n\t\t\t<!-- END MasterSlider Main -->\n\n\t\t\t \n\t\t<\/div>\n\t\t<!-- END MasterSlider -->\n\n\t\t<script>\n\t\t(function ( $ ) {\n\t\t\t\"use strict\";\n\n\t\t\t$(function () {\n\t\t\t\tvar masterslider_cb8f = new MasterSlider();\n\n\t\t\t\t\/\/ slider controls\n\n\t\t\t\t\/\/ slider setup\n\t\t\t\tmasterslider_cb8f.setup(\"MS69e09540acb8f\", {\n\t\t\t\t\t\twidth           : 1200,\n\t\t\t\t\t\theight          : 600,\n\t\t\t\t\t\tminHeight       : 0,\n\t\t\t\t\t\tspace           : 0,\n\t\t\t\t\t\tstart           : 1,\n\t\t\t\t\t\tgrabCursor      : true,\n\t\t\t\t\t\tswipe           : true,\n\t\t\t\t\t\tmouse           : true,\n\t\t\t\t\t\tlayout          : \"boxed\",\n\t\t\t\t\t\twheel           : false,\n\t\t\t\t\t\tautoplay        : true,\n\t\t\t\t\t\tinstantStartLayers:false,\n\t\t\t\t\t\tloop            : true,\n\t\t\t\t\t\tshuffle         : false,\n\t\t\t\t\t\tpreload         : 0,\n\t\t\t\t\t\theightLimit     : true,\n\t\t\t\t\t\tautoHeight      : false,\n\t\t\t\t\t\tsmoothHeight    : true,\n\t\t\t\t\t\tendPause        : false,\n\t\t\t\t\t\toverPause       : false,\n\t\t\t\t\t\tfillMode        : \"fill\",\n\t\t\t\t\t\tcenterControls  : true,\n\t\t\t\t\t\tstartOnAppear   : false,\n\t\t\t\t\t\tlayersMode      : \"center\",\n\t\t\t\t\t\thideLayers      : false,\n\t\t\t\t\t\tfullscreenMargin: 0,\n\t\t\t\t\t\tspeed           : 20,\n\t\t\t\t\t\tdir             : \"h\",\n\t\t\t\t\t\tparallaxMode    : 'swipe',\n\t\t\t\t\t\tview            : \"fade\"\n\t\t\t\t});\n\n\t\t\t\t\n\t\t\t\twindow.masterslider_instances = window.masterslider_instances || [];\n\t\t\t\twindow.masterslider_instances.push( masterslider_cb8f );\n\t\t\t });\n\n\t\t})(jQuery);\n\t\t<\/script>\n\n<\/div>[vc_empty_space]<div class=\"qodef-section-title-holder  qodef-st-standard qodef-st-title-left qodef-st-normal-space \" >\n\t<div class=\"qodef-st-inner\">\n\t\t\t\t\t<h2 class=\"qodef-st-title\" >\n\t\t\t\tComplementos de Moda\t\t\t<\/h2>\n\t\t\t\t\t<\/div>\n<\/div>[vc_empty_space][vc_column_text]<\/p>\n<p>Debido a la creciente importancia que los complementos han adquirido a lo largo de la historia de la moda, definiendo la imagen y la identidad de una persona, la asignatura pretende introducir al alumnado en el mundo de los accesorios como elementos que culminan una est\u00e9tica definida, teniendo en cuenta los vol\u00famenes y las cualidades comunicativas.<\/p>\n<p>Los complementos se han convertido en instrumentos de diferenciaci\u00f3n, a veces indicadores de status social y objetos de lujo que pueden convertirse en objetos de culto. Por ello, resulta de gran importancia que el alumnado de dise\u00f1o de moda adquiera la capacidad de desarrollar l\u00edneas de complementos de moda tal como bolsos, joyas, sombreros, tocados, gafas y pa\u00f1uelos, entre otros. Adem\u00e1s deber\u00e1 ser capaz de materializar los dise\u00f1os, de forma artesanal o industrial, de manera que el producto final sea de calidad.<\/p>\n<h5><strong>Contenidos<\/strong><\/h5>\n<p>U.D.1 Definici\u00f3n del complemento de moda<br \/>\n&#8211; Historia, forma y uso.<br \/>\n&#8211; Dise\u00f1adores y firmas importantes.<br \/>\nU.D.2 Dise\u00f1o de complementos de moda<br \/>\n&#8211; Metodolog\u00eda e investigaci\u00f3n.<br \/>\n&#8211; Formalismo, funcionalismo y simbolismo.<br \/>\n&#8211; Materiales- Caracter\u00edsticas espec\u00edficas.<br \/>\n&#8211; Dise\u00f1o de diferentes complementos de moda<br \/>\nU.D.3 Elaboraci\u00f3n de prototipos<br \/>\n&#8211; T\u00e9cnicas de visualizaci\u00f3n de ideas.<br \/>\n&#8211; Bocetos.<br \/>\n&#8211; Realizaci\u00f3n de los dise\u00f1os. Aspectos ergon\u00f3micos y funcionales,<br \/>\nest\u00e9ticos y simb\u00f3licos.<br \/>\n&#8211; Aplicaci\u00f3n de t\u00e9cnicas de patronaje y confecci\u00f3n para la comprensi\u00f3n y fabricaci\u00f3n del producto.<\/p>\n<p>&#8211; Representaci\u00f3n gr\u00e1fica: iniciaci\u00f3n al dibujo plano. Fichas t\u00e9cnicas.<br \/>\n&#8211; An\u00e1lisis de viabilidad y sostenibilidad.<br \/>\n&#8211; Criterios de innovaci\u00f3n y calidad.<br \/>\n&#8211; Realizaci\u00f3n de una memoria anal\u00edtica, metodol\u00f3gica y justificativa.<\/p>\n<h5><strong>Resultados de aprendizaje<\/strong><\/h5>\n<p>RA1 Descubrir los factores condicionantes y determinantes del complemento de moda. Teor\u00eda, ideaci\u00f3n y concepci\u00f3n del dise\u00f1o.<br \/>\nRA2 Conocer e identificar los diferentes tipos de accesorios de moda.<br \/>\nRA3 Adaptar correctamente la metodolog\u00eda y proyectos a la tecnolog\u00eda del sector.<br \/>\nRA4 Mediante los conocimientos de los sistemas de construcci\u00f3n de piezas, asegurar una mejor interpretaci\u00f3n de los dise\u00f1os potenciando la creatividad, la reflexi\u00f3n y la cr\u00edtica.<\/p>\n<p>RA5 Desarrollo de una sensibilidad hacia la moda \u00e9tica y sostenible.<br \/>\nAplicar los valores de significaci\u00f3n cultural en el campo del Dise\u00f1o de<br \/>\nModa.<br \/>\nRA6 Saber representar y comunicar adecuadamente los complementos<br \/>\nde moda.<br \/>\nRA7 Elaborar piezas volum\u00e9tricas utilizando adecuadamente las<br \/>\npropiedades f\u00edsicas, expresivas y constructivas de los materiales y los<br \/>\nrecursos t\u00e9cnicos m\u00e1s apropiados.<br \/>\nRA8 Saber vincular el aspecto formal y el valor comunicativo del<br \/>\ncomplemento de moda con su funci\u00f3n.<br \/>\nRA9 Desarrollar la sensibilidad est\u00e9tica<\/p>\n<h5>Imparte la asignatura<\/h5>\n<p>Curso escolar 2025\/2026: Manuela Hern\u00e1ndez<\/p>\n<p>[\/vc_column_text][\/vc_column][\/vc_row]<\/p>\n","protected":false},"excerpt":{"rendered":"<p>[vc_row][vc_column][vc_empty_space][vc_empty_space][vc_column_text] Debido a la creciente importancia que los complementos han adquirido a lo largo de la historia de la moda, definiendo la imagen y la identidad de una persona, la asignatura pretende introducir al alumnado en el mundo de los [&hellip;]<\/p>\n","protected":false},"author":6,"featured_media":0,"parent":0,"menu_order":0,"comment_status":"closed","ping_status":"closed","template":"","meta":{"footnotes":""},"class_list":["post-10226","page","type-page","status-publish","hentry"],"_links":{"self":[{"href":"https:\/\/easda.es\/index.php?rest_route=\/wp\/v2\/pages\/10226","targetHints":{"allow":["GET"]}}],"collection":[{"href":"https:\/\/easda.es\/index.php?rest_route=\/wp\/v2\/pages"}],"about":[{"href":"https:\/\/easda.es\/index.php?rest_route=\/wp\/v2\/types\/page"}],"author":[{"embeddable":true,"href":"https:\/\/easda.es\/index.php?rest_route=\/wp\/v2\/users\/6"}],"replies":[{"embeddable":true,"href":"https:\/\/easda.es\/index.php?rest_route=%2Fwp%2Fv2%2Fcomments&post=10226"}],"version-history":[{"count":17,"href":"https:\/\/easda.es\/index.php?rest_route=\/wp\/v2\/pages\/10226\/revisions"}],"predecessor-version":[{"id":19672,"href":"https:\/\/easda.es\/index.php?rest_route=\/wp\/v2\/pages\/10226\/revisions\/19672"}],"wp:attachment":[{"href":"https:\/\/easda.es\/index.php?rest_route=%2Fwp%2Fv2%2Fmedia&parent=10226"}],"curies":[{"name":"wp","href":"https:\/\/api.w.org\/{rel}","templated":true}]}}